{"id":11,"date":"2026-02-08T14:11:19","date_gmt":"2026-02-08T14:11:19","guid":{"rendered":"https:\/\/balkanskamreza.se\/?page_id=11"},"modified":"2026-02-08T14:30:36","modified_gmt":"2026-02-08T14:30:36","slug":"balkanska-mreza","status":"publish","type":"page","link":"https:\/\/balkanskamreza.se\/","title":{"rendered":"Balkanska Mre\u017ea"},"content":{"rendered":"\n<p>Ett professionellt n\u00e4tverk f\u00f6r f\u00f6retagare och yrkesverksamma med bakgrund fr\u00e5n Balkan, verksamma i Sverige.<\/p>\n\n\n\n<p>Balkanska Mre\u017ea \u00e4r ett oberoende initiativ som syftar till att skapa l\u00e5ngsiktiga relationer, underl\u00e4tta samarbete och bygga f\u00f6rtroende mellan f\u00f6retagare och yrkespersoner.<\/p>\n\n\n\n<p>Inga medlemsavgifter. Ingen f\u00f6rs\u00e4ljning. Fokus p\u00e5 n\u00e4tverk och samarbete.<\/p>\n\n\n\n<h3 class=\"wp-block-heading\">F\u00f6r vem \u00e4r n\u00e4tverket?<\/h3>\n\n\n\n<p>N\u00e4tverket riktar sig till:<\/p>\n\n\n\n<ul class=\"wp-block-list\">\n<li>F\u00f6retagare och entrepren\u00f6rer<\/li>\n\n\n\n<li>Yrkesverksamma specialister<\/li>\n\n\n\n<li>Personer intresserade av aff\u00e4rssamarbete<\/li>\n<\/ul>\n\n\n\n<h3 class=\"wp-block-heading\">Vad erbjuder vi?<\/h3>\n\n\n\n<ul class=\"wp-block-list\">\n<li>M\u00f6jlighet att knyta nya aff\u00e4rskontakter<\/li>\n\n\n\n<li>Erfarenhetsutbyte mellan olika branscher<\/li>\n\n\n\n<li>Tillg\u00e5ng till ett p\u00e5litligt professionellt n\u00e4tverk<\/li>\n<\/ul>\n\n\n\n<h3 class=\"wp-block-heading\">Intresserad av att g\u00e5 med?<\/h3>\n\n\n\n<div class=\"wpcf7 no-js\" id=\"wpcf7-f13-o1\" lang=\"sv-SE\" dir=\"ltr\" data-wpcf7-id=\"13\">\n<div class=\"screen-reader-response\"><p role=\"status\" aria-live=\"polite\" aria-atomic=\"true\"><\/p> <ul><\/ul><\/div>\n<form action=\"\/index.php\/wp-json\/wp\/v2\/pages\/11#wpcf7-f13-o1\" method=\"post\" class=\"wpcf7-form init\" aria-label=\"Kontaktformul\u00e4r\" novalidate=\"novalidate\" data-status=\"init\">\n<fieldset class=\"hidden-fields-container\"><input type=\"hidden\" name=\"_wpcf7\" value=\"13\" \/><input type=\"hidden\" name=\"_wpcf7_version\" value=\"6.1.5\" \/><input type=\"hidden\" name=\"_wpcf7_locale\" value=\"sv_SE\" \/><input type=\"hidden\" name=\"_wpcf7_unit_tag\" value=\"wpcf7-f13-o1\" \/><input type=\"hidden\" name=\"_wpcf7_container_post\" value=\"0\" \/><input type=\"hidden\" name=\"_wpcf7_posted_data_hash\" value=\"\" \/>\n<\/fieldset>\n<p><span class=\"wpcf7-form-control-wrap\" data-name=\"your-name\"><input size=\"40\" maxlength=\"400\" class=\"wpcf7-form-control wpcf7-text wpcf7-validates-as-required\" aria-required=\"true\" aria-invalid=\"false\" placeholder=\"Namn\" value=\"\" type=\"text\" name=\"your-name\" \/><\/span><br \/>\n<span class=\"wpcf7-form-control-wrap\" data-name=\"your-email\"><input size=\"40\" maxlength=\"400\" class=\"wpcf7-form-control wpcf7-email wpcf7-validates-as-required wpcf7-text wpcf7-validates-as-email\" aria-required=\"true\" aria-invalid=\"false\" placeholder=\"E-post\" value=\"\" type=\"email\" name=\"your-email\" \/><\/span><br \/>\n<span class=\"wpcf7-form-control-wrap\" data-name=\"your-company\"><input size=\"40\" maxlength=\"400\" class=\"wpcf7-form-control wpcf7-text\" aria-invalid=\"false\" placeholder=\"F\u00f6retag (valfritt)\" value=\"\" type=\"text\" name=\"your-company\" \/><\/span><br \/>\n<span class=\"wpcf7-form-control-wrap\" data-name=\"your-city\"><input size=\"40\" maxlength=\"400\" class=\"wpcf7-form-control wpcf7-text\" aria-invalid=\"false\" placeholder=\"Stad\" value=\"\" type=\"text\" name=\"your-city\" \/><\/span><br \/>\n<span class=\"wpcf7-form-control-wrap\" data-name=\"your-phone\"><input size=\"40\" maxlength=\"400\" class=\"wpcf7-form-control wpcf7-tel wpcf7-text wpcf7-validates-as-tel\" aria-invalid=\"false\" placeholder=\"Telefon (valfritt)\" value=\"\" type=\"tel\" name=\"your-phone\" \/><\/span>\n<\/p>\n<p><span class=\"wpcf7-form-control-wrap\" data-name=\"gdpr\"><span class=\"wpcf7-form-control wpcf7-acceptance\"><span class=\"wpcf7-list-item\"><label><input type=\"checkbox\" name=\"gdpr\" value=\"1\" aria-invalid=\"false\" \/><span class=\"wpcf7-list-item-label\">Jag godk\u00e4nner att ni kontaktar mig via e-post i samband med n\u00e4tverket.<\/span><\/label><\/span><\/span><\/span>\n<\/p>\n<p><input class=\"wpcf7-form-control wpcf7-submit has-spinner\" type=\"submit\" value=\"Skicka intresseanm\u00e4lan\" \/>\n<\/p><div class=\"wpcf7-response-output\" aria-hidden=\"true\"><\/div>\n<\/form>\n<\/div>\n\n","protected":false},"excerpt":{"rendered":"<p>Ett professionellt n\u00e4tverk f\u00f6r f\u00f6retagare och yrkesverksamma med bakgrund fr\u00e5n Balkan, verksamma i Sverige. Balkanska Mre\u017ea \u00e4r ett oberoende initiativ som syftar till att skapa l\u00e5ngsiktiga relationer, underl\u00e4tta samarbete och bygga f\u00f6rtroende mellan f\u00f6retagare och yrkespersoner. Inga medlemsavgifter. Ingen f\u00f6rs\u00e4ljning. Fokus p\u00e5 n\u00e4tverk och samarbete. F\u00f6r vem \u00e4r n\u00e4tverket? N\u00e4tverket riktar sig till: Vad erbjuder [&hellip;]<\/p>\n","protected":false},"author":1,"featured_media":0,"parent":0,"menu_order":0,"comment_status":"closed","ping_status":"closed","template":"","meta":{"footnotes":""},"class_list":["post-11","page","type-page","status-publish","hentry"],"_links":{"self":[{"href":"https:\/\/balkanskamreza.se\/index.php\/wp-json\/wp\/v2\/pages\/11","targetHints":{"allow":["GET"]}}],"collection":[{"href":"https:\/\/balkanskamreza.se\/index.php\/wp-json\/wp\/v2\/pages"}],"about":[{"href":"https:\/\/balkanskamreza.se\/index.php\/wp-json\/wp\/v2\/types\/page"}],"author":[{"embeddable":true,"href":"https:\/\/balkanskamreza.se\/index.php\/wp-json\/wp\/v2\/users\/1"}],"replies":[{"embeddable":true,"href":"https:\/\/balkanskamreza.se\/index.php\/wp-json\/wp\/v2\/comments?post=11"}],"version-history":[{"count":3,"href":"https:\/\/balkanskamreza.se\/index.php\/wp-json\/wp\/v2\/pages\/11\/revisions"}],"predecessor-version":[{"id":18,"href":"https:\/\/balkanskamreza.se\/index.php\/wp-json\/wp\/v2\/pages\/11\/revisions\/18"}],"wp:attachment":[{"href":"https:\/\/balkanskamreza.se\/index.php\/wp-json\/wp\/v2\/media?parent=11"}],"curies":[{"name":"wp","href":"https:\/\/api.w.org\/{rel}","templated":true}]}}